{"id":5059,"date":"2025-06-09T11:09:22","date_gmt":"2025-06-09T11:09:22","guid":{"rendered":"https:\/\/hatec-vertrieb.de\/?post_type=product&#038;p=5059"},"modified":"2025-06-09T11:09:22","modified_gmt":"2025-06-09T11:09:22","slug":"vgrcb-39cpsf","status":"publish","type":"product","link":"https:\/\/hatec-vertrieb.de\/en\/product\/vgrcb-39cpsf","title":{"rendered":"VGRCB-39CPSF"},"content":{"rendered":"<p>Modulares Koax- und\/oder Leistungsdesign<\/p>\n<p>Zus\u00e4tzliche digitale\/analoge Signalkontakte<\/p>\n<p>Schwimmende Ausrichtungshardware installiert<\/p>\n<p>Kontakte separat erh\u00e4ltlich f\u00fcr Modularit\u00e4t<\/p>\n<p>Signal-Dichte:<br \/>\n&#8211; 20 Signal-Ressourcen<br \/>\n&#8211; 19 Koax-\/Stromquellen<\/p>\n<p>Gegenst\u00fcck Befestigungsblock VGFCB-39CPSF<\/p>\n<p>Anwendungen und Zubeh\u00f6r:<br \/>\n\u2013 Mini-Koaxialkabel &#8211; CR-MCA50RG316-36 (637)<br \/>\n&#8211; 50\u03a9 \/ 1GHz mit 36\u201c RG316 Kabel<\/p>\n<p>\u2013 Mini-Stromversorgung &#8211; 610116112<br \/>\n&#8211; 50A \/ 8AWG<\/p>\n<p>\u2013 Mini Koax\/Stromentnahmeger\u00e4t VGMTX<\/p>\n<p>\u2013 Signal-Kontakt 610110101<br \/>\n&#8211; 7A \/ 20-24 AWG Crimp-Kontakt<\/p>\n<p>Hersteller-Link: <a href=\"https:\/\/ect-cpg.com\/vgrcb-39cpsf\" target=\"_blank\" rel=\"noopener\">ect-cpg.com\/vgrcb-39cpsf<\/a><\/p>\n","protected":false},"excerpt":{"rendered":"<p>39 Positions for Coax, Power, and Signals 1 GHz \/ 50 Amps<\/p>\n","protected":false},"featured_media":5202,"comment_status":"open","ping_status":"closed","template":"","meta":[],"product_brand":[],"product_cat":[740],"product_tag":[],"class_list":{"0":"post-5059","1":"product","2":"type-product","3":"status-publish","4":"has-post-thumbnail","6":"product_cat-schnittstellenzubehoer","8":"first","9":"instock","10":"taxable","11":"shipping-taxable","12":"purchasable","13":"product-type-simple"},"yoast_head":"<!-- This site is optimized with the Yoast SEO plugin v27.4 - https:\/\/yoast.com\/product\/yoast-seo-wordpress\/ -->\n<title>VGRCB-39CPSF | Hatec Vertrieb<\/title>\n<meta name=\"description\" content=\"VGRCB-39CPSF \u2013 39 Positions for Coax, Power, and Signals 1 GHz \/ 50 Amps\" \/>\n<meta name=\"robots\" content=\"index, follow, max-snippet:-1, max-image-preview:large, max-video-preview:-1\" \/>\n<link rel=\"canonical\" href=\"https:\/\/hatec-vertrieb.de\/en\/product\/vgrcb-39cpsf\" \/>\n<meta property=\"og:locale\" content=\"en_US\" \/>\n<meta property=\"og:type\" content=\"article\" \/>\n<meta property=\"og:title\" content=\"VGRCB-39CPSF | Hatec Vertrieb\" \/>\n<meta property=\"og:description\" content=\"VGRCB-39CPSF \u2013 39 Positions for Coax, Power, and Signals 1 GHz \/ 50 Amps\" \/>\n<meta property=\"og:url\" content=\"https:\/\/hatec-vertrieb.de\/en\/product\/vgrcb-39cpsf\" \/>\n<meta property=\"og:site_name\" content=\"Hatec Vertrieb\" \/>\n<meta property=\"og:image\" content=\"https:\/\/hatec-vertrieb.de\/wp-content\/uploads\/2025\/06\/VGRCB-39CPSF.png\" \/>\n\t<meta property=\"og:image:width\" content=\"500\" \/>\n\t<meta property=\"og:image:height\" content=\"500\" \/>\n\t<meta property=\"og:image:type\" content=\"image\/png\" \/>\n<script type=\"application\/ld+json\" class=\"yoast-schema-graph\">{\"@context\":\"https:\\\/\\\/schema.org\",\"@graph\":[{\"@type\":\"WebPage\",\"@id\":\"https:\\\/\\\/hatec-vertrieb.de\\\/en\\\/product\\\/vgrcb-39cpsf\",\"url\":\"https:\\\/\\\/hatec-vertrieb.de\\\/en\\\/product\\\/vgrcb-39cpsf\",\"name\":\"VGRCB-39CPSF | Hatec Vertrieb\",\"isPartOf\":{\"@id\":\"https:\\\/\\\/hatec.dev-dev.de\\\/#website\"},\"primaryImageOfPage\":{\"@id\":\"https:\\\/\\\/hatec-vertrieb.de\\\/en\\\/product\\\/vgrcb-39cpsf#primaryimage\"},\"image\":{\"@id\":\"https:\\\/\\\/hatec-vertrieb.de\\\/en\\\/product\\\/vgrcb-39cpsf#primaryimage\"},\"thumbnailUrl\":\"https:\\\/\\\/hatec-vertrieb.de\\\/wp-content\\\/uploads\\\/2025\\\/06\\\/VGRCB-39CPSF.png\",\"datePublished\":\"2025-06-09T11:09:22+00:00\",\"description\":\"VGRCB-39CPSF \u2013 39 Positions for Coax, Power, and Signals 1 GHz \\\/ 50 Amps\",\"breadcrumb\":{\"@id\":\"https:\\\/\\\/hatec-vertrieb.de\\\/en\\\/product\\\/vgrcb-39cpsf#breadcrumb\"},\"inLanguage\":\"en-US\",\"potentialAction\":[{\"@type\":\"ReadAction\",\"target\":[\"https:\\\/\\\/hatec-vertrieb.de\\\/en\\\/product\\\/vgrcb-39cpsf\"]}]},{\"@type\":\"ImageObject\",\"inLanguage\":\"en-US\",\"@id\":\"https:\\\/\\\/hatec-vertrieb.de\\\/en\\\/product\\\/vgrcb-39cpsf#primaryimage\",\"url\":\"https:\\\/\\\/hatec-vertrieb.de\\\/wp-content\\\/uploads\\\/2025\\\/06\\\/VGRCB-39CPSF.png\",\"contentUrl\":\"https:\\\/\\\/hatec-vertrieb.de\\\/wp-content\\\/uploads\\\/2025\\\/06\\\/VGRCB-39CPSF.png\",\"width\":500,\"height\":500,\"caption\":\"VGRCB-39CPSF\"},{\"@type\":\"BreadcrumbList\",\"@id\":\"https:\\\/\\\/hatec-vertrieb.de\\\/en\\\/product\\\/vgrcb-39cpsf#breadcrumb\",\"itemListElement\":[{\"@type\":\"ListItem\",\"position\":1,\"name\":\"Startseite\",\"item\":\"https:\\\/\\\/hatec.dev-dev.de\\\/en\\\/home\"},{\"@type\":\"ListItem\",\"position\":2,\"name\":\"Shop\",\"item\":\"https:\\\/\\\/hatec-vertrieb.de\\\/en\\\/shop\"},{\"@type\":\"ListItem\",\"position\":3,\"name\":\"VGRCB-39CPSF\"}]},{\"@type\":\"WebSite\",\"@id\":\"https:\\\/\\\/hatec.dev-dev.de\\\/#website\",\"url\":\"https:\\\/\\\/hatec.dev-dev.de\\\/\",\"name\":\"Hatec Vertrieb e.K.\",\"description\":\"\",\"potentialAction\":[{\"@type\":\"SearchAction\",\"target\":{\"@type\":\"EntryPoint\",\"urlTemplate\":\"https:\\\/\\\/hatec.dev-dev.de\\\/?s={search_term_string}\"},\"query-input\":{\"@type\":\"PropertyValueSpecification\",\"valueRequired\":true,\"valueName\":\"search_term_string\"}}],\"inLanguage\":\"en-US\"}]}<\/script>\n<!-- \/ Yoast SEO plugin. -->","yoast_head_json":{"title":"VGRCB-39CPSF | Hatec Vertrieb","description":"VGRCB-39CPSF \u2013 39 Positions for Coax, Power, and Signals 1 GHz \/ 50 Amps","robots":{"index":"index","follow":"follow","max-snippet":"max-snippet:-1","max-image-preview":"max-image-preview:large","max-video-preview":"max-video-preview:-1"},"canonical":"https:\/\/hatec-vertrieb.de\/en\/product\/vgrcb-39cpsf","og_locale":"en_US","og_type":"article","og_title":"VGRCB-39CPSF | Hatec Vertrieb","og_description":"VGRCB-39CPSF \u2013 39 Positions for Coax, Power, and Signals 1 GHz \/ 50 Amps","og_url":"https:\/\/hatec-vertrieb.de\/en\/product\/vgrcb-39cpsf","og_site_name":"Hatec Vertrieb","og_image":[{"width":500,"height":500,"url":"https:\/\/hatec-vertrieb.de\/wp-content\/uploads\/2025\/06\/VGRCB-39CPSF.png","type":"image\/png"}],"schema":{"@context":"https:\/\/schema.org","@graph":[{"@type":"WebPage","@id":"https:\/\/hatec-vertrieb.de\/en\/product\/vgrcb-39cpsf","url":"https:\/\/hatec-vertrieb.de\/en\/product\/vgrcb-39cpsf","name":"VGRCB-39CPSF | Hatec Vertrieb","isPartOf":{"@id":"https:\/\/hatec.dev-dev.de\/#website"},"primaryImageOfPage":{"@id":"https:\/\/hatec-vertrieb.de\/en\/product\/vgrcb-39cpsf#primaryimage"},"image":{"@id":"https:\/\/hatec-vertrieb.de\/en\/product\/vgrcb-39cpsf#primaryimage"},"thumbnailUrl":"https:\/\/hatec-vertrieb.de\/wp-content\/uploads\/2025\/06\/VGRCB-39CPSF.png","datePublished":"2025-06-09T11:09:22+00:00","description":"VGRCB-39CPSF \u2013 39 Positions for Coax, Power, and Signals 1 GHz \/ 50 Amps","breadcrumb":{"@id":"https:\/\/hatec-vertrieb.de\/en\/product\/vgrcb-39cpsf#breadcrumb"},"inLanguage":"en-US","potentialAction":[{"@type":"ReadAction","target":["https:\/\/hatec-vertrieb.de\/en\/product\/vgrcb-39cpsf"]}]},{"@type":"ImageObject","inLanguage":"en-US","@id":"https:\/\/hatec-vertrieb.de\/en\/product\/vgrcb-39cpsf#primaryimage","url":"https:\/\/hatec-vertrieb.de\/wp-content\/uploads\/2025\/06\/VGRCB-39CPSF.png","contentUrl":"https:\/\/hatec-vertrieb.de\/wp-content\/uploads\/2025\/06\/VGRCB-39CPSF.png","width":500,"height":500,"caption":"VGRCB-39CPSF"},{"@type":"BreadcrumbList","@id":"https:\/\/hatec-vertrieb.de\/en\/product\/vgrcb-39cpsf#breadcrumb","itemListElement":[{"@type":"ListItem","position":1,"name":"Startseite","item":"https:\/\/hatec.dev-dev.de\/en\/home"},{"@type":"ListItem","position":2,"name":"Shop","item":"https:\/\/hatec-vertrieb.de\/en\/shop"},{"@type":"ListItem","position":3,"name":"VGRCB-39CPSF"}]},{"@type":"WebSite","@id":"https:\/\/hatec.dev-dev.de\/#website","url":"https:\/\/hatec.dev-dev.de\/","name":"Hatec Vertrieb e.K.","description":"","potentialAction":[{"@type":"SearchAction","target":{"@type":"EntryPoint","urlTemplate":"https:\/\/hatec.dev-dev.de\/?s={search_term_string}"},"query-input":{"@type":"PropertyValueSpecification","valueRequired":true,"valueName":"search_term_string"}}],"inLanguage":"en-US"}]}},"_links":{"self":[{"href":"https:\/\/hatec-vertrieb.de\/en\/wp-json\/wp\/v2\/product\/5059","targetHints":{"allow":["GET"]}}],"collection":[{"href":"https:\/\/hatec-vertrieb.de\/en\/wp-json\/wp\/v2\/product"}],"about":[{"href":"https:\/\/hatec-vertrieb.de\/en\/wp-json\/wp\/v2\/types\/product"}],"replies":[{"embeddable":true,"href":"https:\/\/hatec-vertrieb.de\/en\/wp-json\/wp\/v2\/comments?post=5059"}],"wp:featuredmedia":[{"embeddable":true,"href":"https:\/\/hatec-vertrieb.de\/en\/wp-json\/wp\/v2\/media\/5202"}],"wp:attachment":[{"href":"https:\/\/hatec-vertrieb.de\/en\/wp-json\/wp\/v2\/media?parent=5059"}],"wp:term":[{"taxonomy":"product_brand","embeddable":true,"href":"https:\/\/hatec-vertrieb.de\/en\/wp-json\/wp\/v2\/product_brand?post=5059"},{"taxonomy":"product_cat","embeddable":true,"href":"https:\/\/hatec-vertrieb.de\/en\/wp-json\/wp\/v2\/product_cat?post=5059"},{"taxonomy":"product_tag","embeddable":true,"href":"https:\/\/hatec-vertrieb.de\/en\/wp-json\/wp\/v2\/product_tag?post=5059"}],"curies":[{"name":"wp","href":"https:\/\/api.w.org\/{rel}","templated":true}]}}